{"id":98,"date":"2016-01-28T10:28:36","date_gmt":"2016-01-28T10:28:36","guid":{"rendered":"http:\/\/gastro-othmer.de\/?page_id=98"},"modified":"2025-12-03T11:28:43","modified_gmt":"2025-12-03T11:28:43","slug":"praxis","status":"publish","type":"page","link":"https:\/\/gastro-othmer.de\/wordpress\/praxis\/","title":{"rendered":"Praxis"},"content":{"rendered":"<p>Unsere Privatpraxis in Hannover hat am 01.01.2016 er\u00f6ffnet. Wir zeichnen uns durch einen sehr pers\u00f6nlichen Umgang mit den Patienten aus. Wir h\u00f6ren zu und gehen auf jeden Patienten individuell ein. Dabei besteht die M\u00f6glichkeit einer haus\u00e4rztlichen Versorgung incl. evt. notwendiger Hausbesuche sowie eine gastroenterologische Versorgung incl. Sonographie, Magen- und Darmspiegelung und Enddarmspiegelung. Wir bieten Ihnen Herzlichkeit und fachliche Qualifikation.<\/p>\n<p>Wir freuen uns auf Ihren Besuch.<\/p>\n<p>Gern m\u00f6chten wir schon einmal einen kleinen Eindruck unserer Praxis vermitteln:<\/p>\n<table style=\"height: 207px; width: 71.3636%;\">\n<tbody>\n<tr>\n<td style=\"width: 47.1396%;\"><a href=\"https:\/\/gastro-othmer.de\/wordpress\/wordpress\/wp-content\/uploads\/2019\/07\/1-min-1.png\"><img loading=\"lazy\" decoding=\"async\" class=\"alignnone size-medium wp-image-307\" src=\"https:\/\/gastro-othmer.de\/wordpress\/wordpress\/wp-content\/uploads\/2019\/07\/1-min-1-300x169.png\" alt=\"\" width=\"300\" height=\"169\" srcset=\"https:\/\/gastro-othmer.de\/wordpress\/wordpress\/wp-content\/uploads\/2019\/07\/1-min-1-300x169.png 300w, https:\/\/gastro-othmer.de\/wordpress\/wordpress\/wp-content\/uploads\/2019\/07\/1-min-1-768x432.png 768w, https:\/\/gastro-othmer.de\/wordpress\/wordpress\/wp-content\/uploads\/2019\/07\/1-min-1-1024x576.png 1024w, https:\/\/gastro-othmer.de\/wordpress\/wordpress\/wp-content\/uploads\/2019\/07\/1-min-1.png 1920w\" sizes=\"auto, (max-width: 300px) 100vw, 300px\" \/><\/a><\/td>\n<td style=\"width: 47.3684%;\"><a href=\"https:\/\/gastro-othmer.de\/wordpress\/wordpress\/wp-content\/uploads\/2019\/07\/5-1.png\"><img loading=\"lazy\" decoding=\"async\" class=\"alignnone size-medium wp-image-312\" src=\"https:\/\/gastro-othmer.de\/wordpress\/wordpress\/wp-content\/uploads\/2019\/07\/5-1-300x169.png\" alt=\"\" width=\"300\" height=\"169\" srcset=\"https:\/\/gastro-othmer.de\/wordpress\/wordpress\/wp-content\/uploads\/2019\/07\/5-1-300x169.png 300w, https:\/\/gastro-othmer.de\/wordpress\/wordpress\/wp-content\/uploads\/2019\/07\/5-1-768x432.png 768w, https:\/\/gastro-othmer.de\/wordpress\/wordpress\/wp-content\/uploads\/2019\/07\/5-1-1024x576.png 1024w, https:\/\/gastro-othmer.de\/wordpress\/wordpress\/wp-content\/uploads\/2019\/07\/5-1.png 1920w\" sizes=\"auto, (max-width: 300px) 100vw, 300px\" \/><\/a><\/td>\n<td style=\"width: 40.8183%;\">\u00a0<\/td>\n<\/tr>\n<tr>\n<td style=\"width: 47.1396%;\"><a href=\"https:\/\/gastro-othmer.de\/wordpress\/wordpress\/wp-content\/uploads\/2019\/07\/3-min-1.png\"><img loading=\"lazy\" decoding=\"async\" class=\"alignnone size-medium wp-image-309\" src=\"https:\/\/gastro-othmer.de\/wordpress\/wordpress\/wp-content\/uploads\/2019\/07\/3-min-1-300x169.png\" alt=\"\" width=\"300\" height=\"169\" srcset=\"https:\/\/gastro-othmer.de\/wordpress\/wordpress\/wp-content\/uploads\/2019\/07\/3-min-1-300x169.png 300w, https:\/\/gastro-othmer.de\/wordpress\/wordpress\/wp-content\/uploads\/2019\/07\/3-min-1-768x432.png 768w, https:\/\/gastro-othmer.de\/wordpress\/wordpress\/wp-content\/uploads\/2019\/07\/3-min-1-1024x576.png 1024w, https:\/\/gastro-othmer.de\/wordpress\/wordpress\/wp-content\/uploads\/2019\/07\/3-min-1.png 1920w\" sizes=\"auto, (max-width: 300px) 100vw, 300px\" \/><\/a><\/td>\n<td style=\"width: 47.3684%;\"><a href=\"https:\/\/gastro-othmer.de\/wordpress\/wordpress\/wp-content\/uploads\/2019\/07\/2-2.png\"><img loading=\"lazy\" decoding=\"async\" class=\"alignnone size-medium wp-image-310\" src=\"https:\/\/gastro-othmer.de\/wordpress\/wordpress\/wp-content\/uploads\/2019\/07\/2-2-300x169.png\" alt=\"\" width=\"300\" height=\"169\" srcset=\"https:\/\/gastro-othmer.de\/wordpress\/wordpress\/wp-content\/uploads\/2019\/07\/2-2-300x169.png 300w, https:\/\/gastro-othmer.de\/wordpress\/wordpress\/wp-content\/uploads\/2019\/07\/2-2-768x432.png 768w, https:\/\/gastro-othmer.de\/wordpress\/wordpress\/wp-content\/uploads\/2019\/07\/2-2-1024x576.png 1024w, https:\/\/gastro-othmer.de\/wordpress\/wordpress\/wp-content\/uploads\/2019\/07\/2-2.png 1920w\" sizes=\"auto, (max-width: 300px) 100vw, 300px\" \/><\/a><\/td>\n<td style=\"width: 40.8183%;\">\u00a0<\/td>\n<\/tr>\n<tr>\n<td style=\"width: 47.1396%;\"><a href=\"https:\/\/gastro-othmer.de\/wordpress\/wordpress\/wp-content\/uploads\/2025\/12\/PHOTO-2025-12-03-12-22-07-4.jpg\"><img loading=\"lazy\" decoding=\"async\" class=\"alignnone wp-image-328 size-medium\" src=\"https:\/\/gastro-othmer.de\/wordpress\/wordpress\/wp-content\/uploads\/2025\/12\/PHOTO-2025-12-03-12-22-07-4-185x300.jpg\" alt=\"\" width=\"185\" height=\"300\" srcset=\"https:\/\/gastro-othmer.de\/wordpress\/wordpress\/wp-content\/uploads\/2025\/12\/PHOTO-2025-12-03-12-22-07-4-185x300.jpg 185w, https:\/\/gastro-othmer.de\/wordpress\/wordpress\/wp-content\/uploads\/2025\/12\/PHOTO-2025-12-03-12-22-07-4-633x1024.jpg 633w, https:\/\/gastro-othmer.de\/wordpress\/wordpress\/wp-content\/uploads\/2025\/12\/PHOTO-2025-12-03-12-22-07-4-768x1242.jpg 768w, https:\/\/gastro-othmer.de\/wordpress\/wordpress\/wp-content\/uploads\/2025\/12\/PHOTO-2025-12-03-12-22-07-4-949x1536.jpg 949w, https:\/\/gastro-othmer.de\/wordpress\/wordpress\/wp-content\/uploads\/2025\/12\/PHOTO-2025-12-03-12-22-07-4.jpg 989w\" sizes=\"auto, (max-width: 185px) 100vw, 185px\" \/><\/a><\/td>\n<td style=\"width: 47.3684%;\"><a href=\"https:\/\/gastro-othmer.de\/wordpress\/wordpress\/wp-content\/uploads\/2025\/12\/PHOTO-2025-12-03-12-22-07-2.jpg\"><img loading=\"lazy\" decoding=\"async\" class=\"alignnone wp-image-327 size-medium\" src=\"https:\/\/gastro-othmer.de\/wordpress\/wordpress\/wp-content\/uploads\/2025\/12\/PHOTO-2025-12-03-12-22-07-2-220x300.jpg\" alt=\"\" width=\"220\" height=\"300\" srcset=\"https:\/\/gastro-othmer.de\/wordpress\/wordpress\/wp-content\/uploads\/2025\/12\/PHOTO-2025-12-03-12-22-07-2-220x300.jpg 220w, https:\/\/gastro-othmer.de\/wordpress\/wordpress\/wp-content\/uploads\/2025\/12\/PHOTO-2025-12-03-12-22-07-2-751x1024.jpg 751w, https:\/\/gastro-othmer.de\/wordpress\/wordpress\/wp-content\/uploads\/2025\/12\/PHOTO-2025-12-03-12-22-07-2-768x1048.jpg 768w, https:\/\/gastro-othmer.de\/wordpress\/wordpress\/wp-content\/uploads\/2025\/12\/PHOTO-2025-12-03-12-22-07-2-1126x1536.jpg 1126w, https:\/\/gastro-othmer.de\/wordpress\/wordpress\/wp-content\/uploads\/2025\/12\/PHOTO-2025-12-03-12-22-07-2.jpg 1172w\" sizes=\"auto, (max-width: 220px) 100vw, 220px\" \/><\/a><\/td>\n<td style=\"width: 40.8183%;\">\u00a0<\/td>\n<\/tr>\n<\/tbody>\n<\/table>\n\n","protected":false},"excerpt":{"rendered":"<p>Unsere Privatpraxis in Hannover hat am 01.01.2016 er\u00f6ffnet. Wir zeichnen uns durch einen sehr pers\u00f6nlichen Umgang mit den Patienten aus. Wir h\u00f6ren zu und gehen auf jeden Patienten individuell ein. Dabei besteht die M\u00f6glichkeit einer haus\u00e4rztlichen Versorgung incl. evt. notwendiger Hausbesuche sowie eine gastroenterologische Versorgung incl. Sonographie, Magen- und Darmspiegelung und Enddarmspiegelung. Wir bieten Ihnen [&hellip;]<\/p>\n","protected":false},"author":3,"featured_media":0,"parent":0,"menu_order":0,"comment_status":"closed","ping_status":"closed","template":"","meta":{"footnotes":""},"class_list":["post-98","page","type-page","status-publish","hentry"],"_links":{"self":[{"href":"https:\/\/gastro-othmer.de\/wordpress\/wp-json\/wp\/v2\/pages\/98","targetHints":{"allow":["GET"]}}],"collection":[{"href":"https:\/\/gastro-othmer.de\/wordpress\/wp-json\/wp\/v2\/pages"}],"about":[{"href":"https:\/\/gastro-othmer.de\/wordpress\/wp-json\/wp\/v2\/types\/page"}],"author":[{"embeddable":true,"href":"https:\/\/gastro-othmer.de\/wordpress\/wp-json\/wp\/v2\/users\/3"}],"replies":[{"embeddable":true,"href":"https:\/\/gastro-othmer.de\/wordpress\/wp-json\/wp\/v2\/comments?post=98"}],"version-history":[{"count":11,"href":"https:\/\/gastro-othmer.de\/wordpress\/wp-json\/wp\/v2\/pages\/98\/revisions"}],"predecessor-version":[{"id":329,"href":"https:\/\/gastro-othmer.de\/wordpress\/wp-json\/wp\/v2\/pages\/98\/revisions\/329"}],"wp:attachment":[{"href":"https:\/\/gastro-othmer.de\/wordpress\/wp-json\/wp\/v2\/media?parent=98"}],"curies":[{"name":"wp","href":"https:\/\/api.w.org\/{rel}","templated":true}]}}