{"id":22,"date":"2015-10-21T06:50:28","date_gmt":"2015-10-21T06:50:28","guid":{"rendered":"http:\/\/gastro-othmer.de\/wordpress\/?page_id=22"},"modified":"2015-11-25T16:38:27","modified_gmt":"2015-11-25T16:38:27","slug":"impressum","status":"publish","type":"page","link":"https:\/\/gastro-othmer.de\/wordpress\/impressum\/","title":{"rendered":"Impressum"},"content":{"rendered":"<p><strong>Praxis:<\/strong><\/p>\n<p>Anette Othmer<\/p>\n<p>Fach\u00e4rztin f\u00fcr Innere Medizin und Gastroenterologie<\/p>\n<p>Lange-Feld-Strasse 29a<\/p>\n<p>30559 Hannover<\/p>\n<p>Tel.Nr.: 0511-76843334<\/p>\n<p>Fax-Nr.: 051176843336<\/p>\n<p>e-mail: info@gastro-othmer.de<\/p>\n<p><strong>Inhaber\/Facharzt:<\/strong><\/p>\n<p>Dr. Anette Othmer, Fach\u00e4rztin f\u00fcr Innere Medizin und Gastroenterologie<\/p>\n<p><strong>Kammer\/Berufsordnung:<\/strong><\/p>\n<p>zust\u00e4ndige \u00c4rztekammer als Aufsichtsbeh\u00f6rde: \u00c4rztekammer Niedersachsen, Berliner Allee 20, 30175 Hannover<\/p>\n<p><strong>Berufsordnung:<\/strong><\/p>\n<p>Berufsordnung der \u00c4rztekammer Niedersachsen<\/p>\n<p><strong>Berufsbezeichnung:<\/strong><\/p>\n<p>\u00c4rztin<\/p>\n<p><strong>Approbation erteilt in:<\/strong><\/p>\n<p>Deutschland<\/p>\n<p><strong>Haftungshinweis:<\/strong><\/p>\n<p>F\u00fcr den Inhalt verlinkter, externer Seiten sind ausschlie\u00dflich deren Betreiber verantwortlich. Haftungsanspr\u00fcche gegen die Arztpraxis, welche sich auf Sch\u00e4den materieller oder ideeller Art beziehen, die durch die Nutzung oder Nichtnutzung der dargebotenen Informationen verursacht wurden, sind grunds\u00e4tzlich ausgeschlossen.<\/p>\n<p>Die Praxis beh\u00e4lt sich vor, jederzeit \u00c4nderungen oder Erg\u00e4nzungen der bereitgestellten Informationen oder Daten vorzunehmen.<\/p>\n<p><strong>\u00a0<\/strong><\/p>\n<p>&nbsp;<\/p>\n","protected":false},"excerpt":{"rendered":"<p>Praxis: Anette Othmer Fach\u00e4rztin f\u00fcr Innere Medizin und Gastroenterologie Lange-Feld-Strasse 29a 30559 Hannover Tel.Nr.: 0511-76843334 Fax-Nr.: 051176843336 e-mail: info@gastro-othmer.de Inhaber\/Facharzt: Dr. Anette Othmer, Fach\u00e4rztin f\u00fcr Innere Medizin und Gastroenterologie Kammer\/Berufsordnung: zust\u00e4ndige \u00c4rztekammer als Aufsichtsbeh\u00f6rde: \u00c4rztekammer Niedersachsen, Berliner Allee 20, 30175 Hannover Berufsordnung: Berufsordnung der \u00c4rztekammer Niedersachsen Berufsbezeichnung: \u00c4rztin Approbation erteilt in: Deutschland Haftungshinweis: F\u00fcr den [&hellip;]<\/p>\n","protected":false},"author":2,"featured_media":0,"parent":0,"menu_order":0,"comment_status":"closed","ping_status":"closed","template":"","meta":{"footnotes":""},"class_list":["post-22","page","type-page","status-publish","hentry"],"_links":{"self":[{"href":"https:\/\/gastro-othmer.de\/wordpress\/wp-json\/wp\/v2\/pages\/22","targetHints":{"allow":["GET"]}}],"collection":[{"href":"https:\/\/gastro-othmer.de\/wordpress\/wp-json\/wp\/v2\/pages"}],"about":[{"href":"https:\/\/gastro-othmer.de\/wordpress\/wp-json\/wp\/v2\/types\/page"}],"author":[{"embeddable":true,"href":"https:\/\/gastro-othmer.de\/wordpress\/wp-json\/wp\/v2\/users\/2"}],"replies":[{"embeddable":true,"href":"https:\/\/gastro-othmer.de\/wordpress\/wp-json\/wp\/v2\/comments?post=22"}],"version-history":[{"count":6,"href":"https:\/\/gastro-othmer.de\/wordpress\/wp-json\/wp\/v2\/pages\/22\/revisions"}],"predecessor-version":[{"id":82,"href":"https:\/\/gastro-othmer.de\/wordpress\/wp-json\/wp\/v2\/pages\/22\/revisions\/82"}],"wp:attachment":[{"href":"https:\/\/gastro-othmer.de\/wordpress\/wp-json\/wp\/v2\/media?parent=22"}],"curies":[{"name":"wp","href":"https:\/\/api.w.org\/{rel}","templated":true}]}}