{"id":197,"date":"2016-07-11T09:56:04","date_gmt":"2016-07-11T09:56:04","guid":{"rendered":"http:\/\/gastro-othmer.de\/?page_id=197"},"modified":"2016-07-11T09:56:04","modified_gmt":"2016-07-11T09:56:04","slug":"darmkrebsorsorge","status":"publish","type":"page","link":"https:\/\/gastro-othmer.de\/wordpress\/darmkrebsorsorge\/","title":{"rendered":"Darmkrebsvorsorge"},"content":{"rendered":"<h2>Darmkrebsvorsorge in Hannover<\/h2>\n<p>Viele an Darmkrebs Erkrankte gehen erst zum Arzt, wenn Symptome auftreten. Dann ist aber wertvolle Zeit verstrichen, um den Krebs fr\u00fchzeitig zu erkennen.\u00a0Je fr\u00fcher er erkannt wird, desto gr\u00f6\u00dfer sind die Heilungschancen. Deshalb ist eine Vorsorgeuntersuchung wichtig. In unserer Praxis in Hannover bieten wir eine umfassende Darmkrebsvorsorgeuntersuchung an. <a href=\"http:\/\/gastro-othmer.de\/kontakt\/\">Wir freuen uns auf Ihre Mail oder Anruf<\/a>!<\/p>\n\n<p>Darmkrebs entsteht meist durch Darmpolypen, also gutartigen Wucherungen. Die Vorsorge-<a href=\"http:\/\/gastro-othmer.de\/darmspiegelung-hannover\/\">Darmspiegelung<\/a> erm\u00f6glicht, solche Polypen zu erkennen und zu entfernen, damit sie sich nicht zu einem b\u00f6sartigen Tumor entwickeln.\u00a0Die gesetzlichen Krankenkassen \u00fcbernehmen die Kosten einer Vorsorgedarmspiegelung ab einem Alter von 55 Jahren.<\/p>\n<p>Patienten, die eine famili\u00e4re Vorbelastung haben (Vater oder Mutter sowie Geschwister sind an Darmkrebs erkrankt oder haben ein Polypenwachstum), sollten unbedingt schon in j\u00fcngeren Jahren zur Vorsorge gehen.<\/p>\n<h2>Erh\u00f6htes Darmkrebs-Risiko<\/h2>\n<p>Ein erh\u00f6htes Risiko besteht f\u00fcr:<\/p>\n<p>1) Enge Verwandte von Darmkrebsbetroffenen<\/p>\n<p>2) Enge Verwandte von Menschen, bei denen Polypen erkannt wurden<\/p>\n<p>3) Enge Verwandte von Menschen mit Magen-, Eierstock-, Geb\u00e4rmutter- oder Harnleiterkrebs<\/p>\n<p>Ein besonderes Risiko, an Darmkrebs zu erkranken, haben auch Menschen, die an entz\u00fcndlichen Darmkrankheiten wie Colitis ulcerosa leiden. Diesen Patienten bezahlen die Krankenkassen Vorsorgeuntersuchungen unabh\u00e4ngig vom Lebensalter.<\/p>\n<div id=\"attachment_198\" style=\"width: 465px\" class=\"wp-caption alignnone\"><a href=\"http:\/\/gastro-othmer.de\/wordpress\/wp-content\/uploads\/2016\/07\/darmkrebsvorsorge-untersuchung.jpg\"><img loading=\"lazy\" decoding=\"async\" aria-describedby=\"caption-attachment-198\" class=\" wp-image-198\" src=\"http:\/\/gastro-othmer.de\/wordpress\/wp-content\/uploads\/2016\/07\/darmkrebsvorsorge-untersuchung-300x199.jpg\" alt=\"In unserer Gastroenterologischen Privatpraxis k\u00f6nnen Sie einen Termin zur Darmkrebs-Vorsorge vereinbaren. Bild:  Dennis Aldag - fotolia\" width=\"455\" height=\"302\" srcset=\"https:\/\/gastro-othmer.de\/wordpress\/wordpress\/wp-content\/uploads\/2016\/07\/darmkrebsvorsorge-untersuchung-300x199.jpg 300w, https:\/\/gastro-othmer.de\/wordpress\/wordpress\/wp-content\/uploads\/2016\/07\/darmkrebsvorsorge-untersuchung-768x510.jpg 768w, https:\/\/gastro-othmer.de\/wordpress\/wordpress\/wp-content\/uploads\/2016\/07\/darmkrebsvorsorge-untersuchung-1024x680.jpg 1024w\" sizes=\"auto, (max-width: 455px) 100vw, 455px\" \/><\/a><p id=\"caption-attachment-198\" class=\"wp-caption-text\">In unserer Gastroenterologischen Privatpraxis k\u00f6nnen Sie einen Termin zur Darmkrebs-Vorsorge vereinbaren. Bild: Dennis Aldag &#8211; fotolia<\/p><\/div>\n<h2>Eigene Vorsorge<\/h2>\n<p>Wer Darmkrebs vorbeugen will, kann auf seinen Lebensstil achten. Darmkrebs h\u00e4ngt mit St\u00f6rungen des Stoffwechsels zusammen.\u00a0Wer unter starkem \u00dcbergewicht leidet, viel raucht und Alkohol trinkt, erh\u00f6ht das Risiko, an Darmkrebs zu erkranken.<\/p>\n<h2>\u00c4rztliche Vorsorge<\/h2>\n<p>1) Beim Test auf verstecktes Blut im Stuhl sucht der Arzt nach Blut im Stuhl.<\/p>\n<p>Findet der Arzt Blut im Stuhl, ist eine Darmspiegelung indiziert.<\/p>\n<p>2) Auch der Hausarzt kann den Mastdarm abf\u00fchlen. Er tastet diesen Darmabschnitt mit dem Finger ab. So lassen sich bis zu 50 % der Tumoren im Mastdarm erkennen, nicht jedoch in anderen Darmabschnitten.<\/p>\n<p>3) Eine Darmspiegelung ist die effektivste Methode, Darmkrebs fr\u00fchzeitig zu erkennen.<br \/>\nDabei f\u00fchrt der Arzt ein Coloskop durch den After in den Darm ein.\u00a0Mini-Instrumente lassen sich mit dem Koloskop in den Darm einf\u00fchren, um Gewebeproben zu nehmen oder Polypen zu entfernen.<\/p>\n<p>In unserer Praxis in Hannover kann eine umfassende Darmkrebsvorsorge\u00a0durchgef\u00fchrt werden. Wenn Sie einen Termin vereinbaren wollen oder Fragen haben, <a href=\"http:\/\/gastro-othmer.de\/kontakt\/\">kontaktieren Sie uns. <\/a>Wir freuen uns auf ihre Mail oder ihren Anruf!<\/p>\n<p>Ihre <em>Dr. med. Anette Othmer<\/em><\/p>\n","protected":false},"excerpt":{"rendered":"<p>Darmkrebsvorsorge in Hannover Viele an Darmkrebs Erkrankte gehen erst zum Arzt, wenn Symptome auftreten. Dann ist aber wertvolle Zeit verstrichen, um den Krebs fr\u00fchzeitig zu erkennen.\u00a0Je fr\u00fcher er erkannt wird, desto gr\u00f6\u00dfer sind die Heilungschancen. Deshalb ist eine Vorsorgeuntersuchung wichtig. In unserer Praxis in Hannover bieten wir eine umfassende Darmkrebsvorsorgeuntersuchung an. Wir freuen uns auf [&hellip;]<\/p>\n","protected":false},"author":4,"featured_media":0,"parent":0,"menu_order":0,"comment_status":"closed","ping_status":"closed","template":"","meta":{"footnotes":""},"class_list":["post-197","page","type-page","status-publish","hentry"],"_links":{"self":[{"href":"https:\/\/gastro-othmer.de\/wordpress\/wp-json\/wp\/v2\/pages\/197","targetHints":{"allow":["GET"]}}],"collection":[{"href":"https:\/\/gastro-othmer.de\/wordpress\/wp-json\/wp\/v2\/pages"}],"about":[{"href":"https:\/\/gastro-othmer.de\/wordpress\/wp-json\/wp\/v2\/types\/page"}],"author":[{"embeddable":true,"href":"https:\/\/gastro-othmer.de\/wordpress\/wp-json\/wp\/v2\/users\/4"}],"replies":[{"embeddable":true,"href":"https:\/\/gastro-othmer.de\/wordpress\/wp-json\/wp\/v2\/comments?post=197"}],"version-history":[{"count":1,"href":"https:\/\/gastro-othmer.de\/wordpress\/wp-json\/wp\/v2\/pages\/197\/revisions"}],"predecessor-version":[{"id":199,"href":"https:\/\/gastro-othmer.de\/wordpress\/wp-json\/wp\/v2\/pages\/197\/revisions\/199"}],"wp:attachment":[{"href":"https:\/\/gastro-othmer.de\/wordpress\/wp-json\/wp\/v2\/media?parent=197"}],"curies":[{"name":"wp","href":"https:\/\/api.w.org\/{rel}","templated":true}]}}