{"id":163,"date":"2016-06-20T09:53:40","date_gmt":"2016-06-20T09:53:40","guid":{"rendered":"http:\/\/gastro-othmer.de\/?page_id=163"},"modified":"2025-12-03T11:37:29","modified_gmt":"2025-12-03T11:37:29","slug":"darmspiegelung-hannover","status":"publish","type":"page","link":"https:\/\/gastro-othmer.de\/wordpress\/darmspiegelung-hannover\/","title":{"rendered":"Darmspiegelung"},"content":{"rendered":"<h2>Darmspiegelung in Hannover<\/h2>\n<p>Zu unserem Leistungsspektrum geh\u00f6rt auch die Darmspiegelung. Wir m\u00f6chten Interessierte und Patienten \u00fcber das diagnostische aber auch therapeutische Verfahren informieren. Wenn Sie eine Darmspiegelung in Hannover durchf\u00fchren lassen wollen, dann <a href=\"http:\/\/gastro-othmer.de\/kontakt\/\">k\u00f6nnen Sie einen Termin<\/a> mit uns vereinbaren. Wir freuen uns auf ihre Mail oder Anruf!<\/p>\n\n<p>Eine Darmspiegelung hei\u00dft in der Fachsprache Coloskopie. Hierbei wird der Darm mit einem speziellen Instrument &#8211; dem Coloskop- untersucht.<\/p>\n<h2>Wozu dient eine Darmspiegelung?<\/h2>\n<p>Durch die Coloskopie lassen sich Erkrankungen des Dickdarms (Colon) und des letzten Teils des D\u00fcnndarms (term. Ileum) erkennen. Magen-Darm-Spezialisten nutzen die Coloskopie insbesondere, um Darmkrebs und Vorstufen des Krebses (Polypen) zu erkennen.<\/p>\n<h2>Wann empfiehlt sich eine Darmspiegelung?<\/h2>\n<p><strong>Eine Coloskopie ist ratsam:<\/strong><br \/>\n1) als Vorsorgeuntersuchung ab dem 55. Lebensjahr<br \/>\n2) bei famili\u00e4rer Disposition f\u00fcr Darmkrebs oder Darmpolypen<br \/>\n3) bei Blut im Stuhl<br \/>\n4) bei unklarem Gewichtsverlust<br \/>\n6) bei anhaltenden Durchf\u00e4llen und\/oder Schleimabsonderungen<br \/>\n7) bei Stuhlunregelm\u00e4\u00dfigkeiten und Ver\u00e4nderung des Stuhlverhaltens<br \/>\n9) bei Schmerzen im Mittel- und Unterbauch ohne alternative Ursache<br \/>\n10) als Kontrolle \/Nachsorge nach einer Darmkrebsbehandlung<br \/>\n11) bei Eisenmangelan\u00e4mie<br \/>\n12) bei starken Bl\u00e4hungen \u00fcber einen l\u00e4ngeren Zeitraum<\/p>\n<h2>Vorbereitung<\/h2>\n<p>Vor einer Untersuchung des Darmes muss der Darm leer sein. Patienten nehmen deshalb am Nachmittag des Vortages und kurz vor der Untersuchung am Untersuchungstag ein Abf\u00fchrmittel ein.\u00a0Vor der Coloskopie wird vom Arzt Blut abgenommen, um die Gerinnung und das Blutbild zu pr\u00fcfen.\u00a0Die Patienten sollten den Arzt informieren, ob sie Medikamente einnehmen, die die Blutgerinnung hemmen. Diese m\u00fcssen ggf. einige Tage vorher abgesetzt werden.<\/p>\n<h2>Das Coloskop<\/h2>\n<p>Heutige Coloskope haben einen Durchmesser von ca. 1 cm und sind ca. 1, 2 Meter lang. Ein Video-Koloskop enth\u00e4lt an der Spitze einen Videochip, der Bilder aus dem Darm auf einen Monitor \u00fcbertr\u00e4gt.\u00a0Im Coloskop befindet sich ein Absaugapparat, um Fl\u00fcssigkeit abzusaugen sowie ein Arbeitskanal, um Instrumente wie Zangen und Schlingen einzuf\u00fchren. Hiermit k\u00f6nnen z.B. Polypen abgetragen und Gewebeproben entnommen werden.<\/p>\n<div id=\"attachment_165\" style=\"width: 395px\" class=\"wp-caption alignnone\"><a href=\"http:\/\/gastro-othmer.de\/wordpress\/wp-content\/uploads\/2016\/06\/darmspiegelung-hannover.jpg\"><img loading=\"lazy\" decoding=\"async\" aria-describedby=\"caption-attachment-165\" class=\" wp-image-165\" src=\"http:\/\/gastro-othmer.de\/wordpress\/wp-content\/uploads\/2016\/06\/darmspiegelung-hannover-300x300.jpg\" alt=\"Vereinfachtes Schaubild einer Darmspiegelung. Bild: bilderzwerg - fotolia\" width=\"385\" height=\"385\" srcset=\"https:\/\/gastro-othmer.de\/wordpress\/wordpress\/wp-content\/uploads\/2016\/06\/darmspiegelung-hannover-300x300.jpg 300w, https:\/\/gastro-othmer.de\/wordpress\/wordpress\/wp-content\/uploads\/2016\/06\/darmspiegelung-hannover-150x150.jpg 150w, https:\/\/gastro-othmer.de\/wordpress\/wordpress\/wp-content\/uploads\/2016\/06\/darmspiegelung-hannover-768x768.jpg 768w, https:\/\/gastro-othmer.de\/wordpress\/wordpress\/wp-content\/uploads\/2016\/06\/darmspiegelung-hannover-1024x1024.jpg 1024w\" sizes=\"auto, (max-width: 385px) 100vw, 385px\" \/><\/a><p id=\"caption-attachment-165\" class=\"wp-caption-text\">Vereinfachtes Schaubild einer Darmspiegelung. Bild: bilderzwerg &#8211; fotolia<\/p><\/div>\n<h2>Wie verl\u00e4uft die Darmspiegelung?<\/h2>\n<p>Die Patienten k\u00f6nnen auf Wunsch das Narkosemittel Propofol zugef\u00fchrt bekommen. Hierdurch wird eine Kurznarkose eingeleitet und der Patient schl\u00e4ft w\u00e4hrend der Spiegelung.\u00a0W\u00e4hrend der Kurznarkose wird der Pat. permanent \u00fcberwacht, Sauerstoffgehalt des K\u00f6rpers und Puls dokumentiert.<\/p>\n<p>Zu Beginn der Untersuchung liegt der Patient auf dem R\u00fccken, sp\u00e4ter auf der linken Seite.\u00a0Das Coloskop wird in den Enddarm eingef\u00fchrt und langsam bis zum Ende des Dickdarmes bzw. je nach Fragestellung auch bis zum D\u00fcnndarm (term. Ileum) vorgeschoben. Dabei wird etwas Luft in den Darm gegeben.\u00a0Das Zur\u00fcckziehen des Ger\u00e4tes erfolgt sehr langsam, um jede Region genau zu inspizieren und evtl. Polypen zu erkennen. Ferner k\u00f6nnen Auff\u00e4lligkeiten wie Aussackungen (Divertikel), Entz\u00fcndungen, Tumore, Engstellen und Schleimhautblutungen diagnostiziert werden.<\/p>\n<h2>Polypen<\/h2>\n<p>Polypen k\u00f6nnen b\u00f6sartig entarten und m\u00fcssen deshalb alle abgetragen werden.\u00a0Daf\u00fcr werden \u00fcber den Arbeitskanal des Coloskops Zangen oder Schlingen eingef\u00fchrt und der Polyp entfernt. Sie werden grunds\u00e4tzlich eingeschickt und histologisch untersucht.\u00a0Bei anderweitigen Auff\u00e4lligkeiten der Schleimhaut werden mit der Zange Proben entnommen, die wiederum histologisch untersucht werden. So kann z.B. die Diagnose Darmkrebs gestellt werden.<\/p>\n<h2>Seltene Komplikationen<\/h2>\n<p>Die Coloskopie ist heute eine sichere Routineuntersuchung. Wie bei allen Eingriffen in den K\u00f6rper kommt es aber bisweilen zu Komplikationen.\u00a0Beim Abtragen der Polypen oder auch Probeentnahmen k\u00f6nnen Verletzungen der Darmwand und Blutungen auftreten. Die Blutungen werden in der Regel bereits w\u00e4hrend der Behandlung gestoppt, durch Clips oder Unterspritzung. Bei Verletzungen der Darmwand muss umgehend eine Operation erfolgen, um die Darmwand zu n\u00e4hen.<\/p>\n<h2>Darmspiegelung\u00a0als\u00a0Krebsvorsorge<\/h2>\n<p>Eine Darmspiegelung empfiehlt sich vor allem zum Ausschluss von Polypen und Darmkrebs. Die gesetzliche Krankenversicherung bezahlt eine Darmspiegelung als Vorsorge ab dem 50. Lebensjahr.<\/p>\n<h2>Ergebnisse<\/h2>\n<p>In einem ausf\u00fchrlichem Nachgespr\u00e4ch wird das Ergebnis der Untersuchung erl\u00e4utert. War die Schleimhaut unauff\u00e4llig, wurden Polypen entdeckt, oder gar ein Tumor?\u00a0Gewebeproben und Polypen werden in ein Labor geschickt und histologisch untersucht. Das Erbgebnis steht ca. 3 Werktage sp\u00e4ter fest und wird mit dem Patienten besprochen. Ergab die Darmspiegelung keine Auff\u00e4lligkeiten, sollte eine Kontrolle erst nach zehn Jahren wiederholt werden. Wurden jedoch Polypen abgetragen, muss eine Kontrollspiegelung in k\u00fcrzeren Zeitr\u00e4umen durchgef\u00fchrt werden.<\/p>\n<p>Gern beantworten wir alle wichtigen Fragen zur Darmspiegelung\u00a0 in einem pers\u00f6nlichen Gespr\u00e4ch!\u00a0<a href=\"http:\/\/gastro-othmer.de\/kontakt\/\">Kontaktieren Sie uns hier<\/a>. Ihre gastroenterologische Praxis in Hannover, Dr. med. Anette Othmer.<\/p>\n","protected":false},"excerpt":{"rendered":"<p>Darmspiegelung in Hannover Zu unserem Leistungsspektrum geh\u00f6rt auch die Darmspiegelung. Wir m\u00f6chten Interessierte und Patienten \u00fcber das diagnostische aber auch therapeutische Verfahren informieren. Wenn Sie eine Darmspiegelung in Hannover durchf\u00fchren lassen wollen, dann k\u00f6nnen Sie einen Termin mit uns vereinbaren. Wir freuen uns auf ihre Mail oder Anruf! Eine Darmspiegelung hei\u00dft in der Fachsprache Coloskopie. [&hellip;]<\/p>\n","protected":false},"author":4,"featured_media":0,"parent":0,"menu_order":0,"comment_status":"closed","ping_status":"closed","template":"","meta":{"footnotes":""},"class_list":["post-163","page","type-page","status-publish","hentry"],"_links":{"self":[{"href":"https:\/\/gastro-othmer.de\/wordpress\/wp-json\/wp\/v2\/pages\/163","targetHints":{"allow":["GET"]}}],"collection":[{"href":"https:\/\/gastro-othmer.de\/wordpress\/wp-json\/wp\/v2\/pages"}],"about":[{"href":"https:\/\/gastro-othmer.de\/wordpress\/wp-json\/wp\/v2\/types\/page"}],"author":[{"embeddable":true,"href":"https:\/\/gastro-othmer.de\/wordpress\/wp-json\/wp\/v2\/users\/4"}],"replies":[{"embeddable":true,"href":"https:\/\/gastro-othmer.de\/wordpress\/wp-json\/wp\/v2\/comments?post=163"}],"version-history":[{"count":6,"href":"https:\/\/gastro-othmer.de\/wordpress\/wp-json\/wp\/v2\/pages\/163\/revisions"}],"predecessor-version":[{"id":332,"href":"https:\/\/gastro-othmer.de\/wordpress\/wp-json\/wp\/v2\/pages\/163\/revisions\/332"}],"wp:attachment":[{"href":"https:\/\/gastro-othmer.de\/wordpress\/wp-json\/wp\/v2\/media?parent=163"}],"curies":[{"name":"wp","href":"https:\/\/api.w.org\/{rel}","templated":true}]}}