{"id":146,"date":"2016-06-14T19:22:55","date_gmt":"2016-06-14T19:22:55","guid":{"rendered":"http:\/\/gastro-othmer.de\/?page_id=146"},"modified":"2016-06-20T18:34:12","modified_gmt":"2016-06-20T18:34:12","slug":"magenspiegelung-hannover","status":"publish","type":"page","link":"https:\/\/gastro-othmer.de\/wordpress\/magenspiegelung-hannover\/","title":{"rendered":"Magenspiegelung"},"content":{"rendered":"<h1>Magenspiegelung in Hannover<\/h1>\n<p>In unserer Praxis in Hannover kann eine Magenspiegelung durchgef\u00fchrt werden. Wenn Sie einen Termin vereinbaren wollen oder Fragen haben, <a href=\"http:\/\/gastro-othmer.de\/kontakt\/\">kontaktieren Sie uns. <\/a>Wir freuen uns auf ihre Mail oder ihren Anruf!<\/p>\n\n<p>Eine Magenspiegelung (Medizinisch: Gastroskopie) dient dazu, die Speiser\u00f6hre, den Magen und den oberen Teil des Zw\u00f6lffingerdarms von innen zu betrachten. Dazu wird ein besonderes Endoskop, das Gastroskop, in den Magen eingef\u00fchrt.<\/p>\n<p>Das Gastroskop besteht aus Glasfasern und einem Mantel aus Kunststoff. Es enth\u00e4lt einen Arbeitskanal, \u00fcber den sich Instrumente einf\u00fchren lassen, ein Videosystem, um Licht und Bilder auf einen Monitor zu \u00fcbertragen sowie eine Sp\u00fcl- und Absaugvorrichtung.<\/p>\n<p>Heute verwendete Instrumente haben weniger als einen Zentimeter Durchmesser und lassen sich so leicht in Speiser\u00f6hre, Magen und Zw\u00f6lffingerdarm einbringen. So l\u00e4sst sich Gewebe entnehmen und therapeutisch arbeiten. Eine Magenspiegelung dauert nur wenige Minuten.<\/p>\n<h2>Wie ist der Magen aufgebaut?<\/h2>\n<p>Unser Magen ist ein sogenanntes Hohlorgan, ein Muskelsack, der sich ausdehnen kann. Er besteht aus dem Magenmund, dem Magengrund, dem Magenk\u00f6rper und Magenausgang. An seinem Ausgang befindet sich der Zw\u00f6lffingerdarm und somit der erste Teil des D\u00fcnndarms.<\/p>\n<div id=\"attachment_151\" style=\"width: 467px\" class=\"wp-caption alignnone\"><img loading=\"lazy\" decoding=\"async\" aria-describedby=\"caption-attachment-151\" class=\"wp-image-151 \" src=\"http:\/\/gastro-othmer.de\/wordpress\/wp-content\/uploads\/2016\/06\/magen-300x300.jpg\" alt=\"Aufbau des Magens. Bild: Bilderzwerg - fotolia\" width=\"457\" height=\"457\" srcset=\"https:\/\/gastro-othmer.de\/wordpress\/wordpress\/wp-content\/uploads\/2016\/06\/magen-300x300.jpg 300w, https:\/\/gastro-othmer.de\/wordpress\/wordpress\/wp-content\/uploads\/2016\/06\/magen-150x150.jpg 150w, https:\/\/gastro-othmer.de\/wordpress\/wordpress\/wp-content\/uploads\/2016\/06\/magen-768x768.jpg 768w, https:\/\/gastro-othmer.de\/wordpress\/wordpress\/wp-content\/uploads\/2016\/06\/magen-1024x1024.jpg 1024w\" sizes=\"auto, (max-width: 457px) 100vw, 457px\" \/><p id=\"caption-attachment-151\" class=\"wp-caption-text\">Aufbau des Magens. Bild: Bilderzwerg &#8211; fotolia<\/p><\/div>\n<p>Die Muskeln dieses \u201eSacks\u201c verarbeiten die Nahrung zu Brei und transportieren diesen Brei in den D\u00fcnndarm, in dem die Nahrung weiter verdaut wird. In der Magenschleimhaut sitzen unz\u00e4hlige Dr\u00fcsen, die eine S\u00e4ure aussto\u00dfen, die die Nahrung andaut und potenzielle Krankheitserreger abt\u00f6tet.<\/p>\n<p>Das Organ arbeitet hoch effizient, richtet sich aber, wenn es \u00fcberfordert ist, auch \u201egegen sich selbst\u201c. Nikotin und Alkohol f\u00f6rdern zum Beispiel die Produktion von Magens\u00e4ure. Hat dieser \u00e4tzende Saft aber nichts zum Verdauen, weil der Alkoholkranke zum Beispiel keine regelm\u00e4\u00dfigen Mahlzeiten zu sich nimmt, funktioniert das System nicht mehr. Der Magen \u00fcbers\u00e4uert und greift die eigene Schleimhaut an.<br \/>\nEine Magenentz\u00fcndung kann die Folge sein.<\/p>\n<h2>Eine Magenspiegelung empfiehlt sich bei:<\/h2>\n<p>1) wiederkehrendem Sodbrennen<br \/>\n2) wiederkehrenden Magenschmerzen<br \/>\n3) lang anhaltenden Bauchschmerzen, Druckgef\u00fchlen im Oberbauch, Brechreiz und \u00dcbelkeit<br \/>\n4) Gewichtsverlust ohne erkennbare Ursache<br \/>\n5) blutigem Erbrechen<br \/>\n6) Schluckst\u00f6rungen<br \/>\n7) Blutarmut<br \/>\n8) schwarz gef\u00e4rbtem Stuhlgang<br \/>\n9) Blutungen im Magenbereich<br \/>\n10) Kontrolle nach Magenoperationen<br \/>\n11) Magengeschw\u00fcren<br \/>\n12) Fr\u00fcherkennung von Magen- und Speiser\u00f6hrenkrebs<br \/>\n13) dem Verdacht auf Magenpolypen<br \/>\n14) verschluckten Fremdk\u00f6rpern<\/p>\n<h2>Nicht nur Diagnose,\u00a0 auch Therapie<\/h2>\n<p>Eine Magenspiegelung dient nicht nur der Diagnose, sondern mit ihr lassen sich auch Behandlungen durchf\u00fchren, vor allem:<\/p>\n<p>1) endoskopische Blutstillung<br \/>\n2) Probeentnahme aus Magen und Zw\u00f6lffingerdarm bei Geschw\u00fcren<br \/>\n3) Aufweiterungen (Bougierungen) bei Einengungen der Speiser\u00f6hre<br \/>\n4) Entfernung verschluckter Fremdk\u00f6rper<\/p>\n<h2>Gastritis<\/h2>\n<p>Gastritis bezeichnet eine Entz\u00fcndung der Magenschleimhaut. Diese Krankheit ist sehr h\u00e4ufig und verl\u00e4uft entweder akut oder chronisch.<\/p>\n<p>Bei der akuten Gastritis z\u00e4hlen Lebensmittelvergiftungen, Alkoholmissbrauch, starkes Rauchen und im \u00dcberma\u00df eingenommene Medikamente wie Acetylsalicyls\u00e4ure zu den \u00fcblichen Ursachen. Zu scharfes Essen oder Kaffee in Mengen \u00fcberreizen den Magen ebenso wie \u00fcbertriebener Sport. Die Briten sprechen dann vom \u201erunner\u015b stomach.\u201c Stress und Schock k\u00f6nnen ebenfalls eine akute Gastritis ausl\u00f6sen. Die Betroffenen bemerken Bauchschmerzen, Erbrechen, \u00dcbelkeit und Appetitlosigkeit.<\/p>\n<div id=\"attachment_154\" style=\"width: 456px\" class=\"wp-caption alignnone\"><a href=\"http:\/\/gastro-othmer.de\/wordpress\/wp-content\/uploads\/2016\/06\/gastritis.jpg\"><img loading=\"lazy\" decoding=\"async\" aria-describedby=\"caption-attachment-154\" class=\" wp-image-154\" src=\"http:\/\/gastro-othmer.de\/wordpress\/wp-content\/uploads\/2016\/06\/gastritis-300x200.jpg\" alt=\"Eine Gastritis macht sich vor allem durch Oberbauchschmerzen bemerkbar. Bild: Bild: apops\/fotolia.com\" width=\"446\" height=\"297\" srcset=\"https:\/\/gastro-othmer.de\/wordpress\/wordpress\/wp-content\/uploads\/2016\/06\/gastritis-300x200.jpg 300w, https:\/\/gastro-othmer.de\/wordpress\/wordpress\/wp-content\/uploads\/2016\/06\/gastritis-768x513.jpg 768w, https:\/\/gastro-othmer.de\/wordpress\/wordpress\/wp-content\/uploads\/2016\/06\/gastritis-1024x683.jpg 1024w\" sizes=\"auto, (max-width: 446px) 100vw, 446px\" \/><\/a><p id=\"caption-attachment-154\" class=\"wp-caption-text\">Eine Gastritis macht sich vor allem durch Oberbauchschmerzen bemerkbar. Bild: apops\/fotolia.com<\/p><\/div>\n<p>Bei der chronischen Gastritis unterscheiden wir drei Formen: Der Typ A tritt am seltensten auf. Sie entsteht durch einen Autoimmunprozess. Dabei richtet sich das eigene Immunsystem gegen Gewebe des eigenen Magens.<br \/>\nDoppelt so h\u00e4ufig ist die Typ C Form der Entz\u00fcndung. Hier entz\u00fcndet sich die Schleimhaut durch Schmerzmittel oder Gallensaft, der vom Zw\u00f6lffingerdarm in den Magen flie\u00dft.<\/p>\n<p>Acht von zehn Magenschleimhautentz\u00fcndungen (Typ B) entstehen jedoch durch das Bakterium Helicobacter pylori.<br \/>\nEine akute Gastritis l\u00e4sst sich durch magenfreundliche Ern\u00e4hrung und S\u00e4ureblocker schnell heilen, bei einer chronischen Gastritis dauert die Behandlung wesentlich l\u00e4nger, ist aber in der Regel erfolgreich, wenn die Ursache beseitigt wird.<\/p>\n<p>Um einer Gastritis vorzubeugen, hilft eine Ern\u00e4hrung, die den Magen schont. Also keine Fette in Massen sowie scharfe Speisen mit Pfeffer und Chilli in Ma\u00dfen \u2013 das gleiche gilt f\u00fcr Alkohol und Kaffee.<br \/>\nIn schlimmen F\u00e4llen kann eine Gastritis Magengschw\u00fcre ausl\u00f6sen (Ulcuserkrankungen), zu Magenblutungen oder sogar einem Magendurchbruch f\u00fchren.<\/p>\n<h2>Polypen<\/h2>\n<p>Magenpolypen sind Ausst\u00fclpungen der Schleimhautdr\u00fcsenzellen, die ins Mageninnere hineinragen. Sie treten entweder einzeln oder geh\u00e4uft auf und sind meist gutartig. Die Polypen sind kugelig oder zottig, sie reichen von wenigen Millimeter Gr\u00f6\u00dfe bis zu mehr als einem Zentimeter.<\/p>\n<p>Die Geschw\u00fclste bleiben h\u00e4ufig unbemerkt und zeigen sich erst in der Magenspiegelung. Dann werden sie, so weit m\u00f6glich, entfernt. Der Arzt entfernt die Polypen mit einer kleinen Zange oder trennt sie mit einer durch Hochfrequenzstrom erhitzten Drahtschlinge ab. Sehr gro\u00dfe Polypen erfordern allerdings eine Operation.<\/p>\n<h2>Fremdk\u00f6rper<\/h2>\n<p>Kleinere Fremdk\u00f6rper in Magen und Speiser\u00f6hre machen meist keine Probleme. Sie durchlaufen den Darm und werden in sp\u00e4testens drei Tagen wieder ausgeschieden. Gr\u00f6\u00dfere Fremdk\u00f6rper bleiben bisweilen in der Speiser\u00f6hre stecken und k\u00f6nnen dann Beschwerden ausl\u00f6sen. Sie f\u00fchren zu einem Druckgef\u00fchl und ggf. stechenden Schmerzen.<br \/>\nEile ist geboten, wenn z.B. Batterien oder Zigaretten verschluckt werden. Auch scharfe Gegenst\u00e4nde, die die Magenh\u00e4ute verletzen k\u00f6nnen, m\u00fcssen umgehend entfernt werden. Das geht am besten im Rahmen einer Magenspiegelung.<\/p>\n<h2>Was beachtet der Patient?<\/h2>\n<p>Um den Magen mit bildgebenden Verfahren zu untersuchen, muss er leer sein. Der Patient sollte deshalb mindestens sechs Stunden vor der Spiegelung weder essen noch trinken.<\/p>\n<p>Auf das Rauchen sollte er in den Stunden zuvor ebenfalls verzichten, weil Nikotin die Produktion des Magensaftes ankurbelt.<\/p>\n<p>Wenn der Patient eine Beruhigungsspritze bekommt, darf er 24 Stunden kein Auto, Motorrad oder Fahrrad fahren; er sollte es auch vermeiden, zu Fu\u00df \u00fcber viel befahrene Stra\u00dfen zu gehen und keine Maschinenarbeit verrichten.<\/p>\n<p>\u00c4rzte empfehlen, sich von einer Begleitperson abholen zu lassen, die notfalls eingreift, wenn Sie das Gleichgewicht verlieren; lassen Sie sich von einem Taxi abholen, bitten Sie den Taxifahrer, Sie bis zur Haust\u00fcr zu begleiten.\u00a0Wichtige Termine, zum Beispiel Vertragsabschl\u00fcsse, verschieben Sie am besten auf die Tage nach dem Eingriff.<\/p>\n<h2>Narkose<\/h2>\n<p>Eine Magenspiegelung verursacht keine Schmerzen. Viele Menschen haben trotzdem Angst zu ersticken oder f\u00fchlen sich unwohl, dass ein Fremdk\u00f6rper in ihren K\u00f6rper eindringt. Der Rachen kann, wenn gew\u00fcnscht, vor der Behandlung mit einem Spray bet\u00e4ubt werden.<\/p>\n<p>Oft geben Fach\u00e4rzte f\u00fcr Gastroenterologie den Patienten eine kurz wirksame Sedierung. Dadurch merkt der Patient die Untersuchung nicht. Eine Sedierung kann bei uns selbstverst\u00e4ndlich durchgef\u00fchrt werden. Als Narkotikum dient meist Propofol, welches sehr schnell wirkt und auch schnell wieder abgebaut wird. Eine Allergie auf H\u00fchnereiwei\u00df, Sojaeiwei\u00df und Sulfur schlie\u00dft eine Propofolnarkose allerdings aus.<\/p>\n<h2>Seltene Komplikationen<\/h2>\n<p>Magenspiegelungen sind sicher und werden international seit langem routinem\u00e4\u00dfig durchgef\u00fchrt. Jeder Eingriff in den K\u00f6rper kann aber Probleme verursachen.<\/p>\n<p>Bei Magenspiegelungen kommt es sehr selten zu:<\/p>\n<p>1) Verletzungen des Verdauungstrakts<\/p>\n<p>2) unvorhergesehenen Blutungen nach Gewebeproben und dem Entfernen von Polypen<\/p>\n<p>3) St\u00f6rungen der Atmung und des Herzkreislaufs, wenn Patienten Beruhigungsmittel einnahmen.<\/p>\n<p>4) Gebisssch\u00e4den, allerdings fast nur bei lockeren Z\u00e4hnen<\/p>\n<p>Gern beantworten wir alle wichtigen Fragen zur Magenspiegelung in Hannover in einem pers\u00f6nlichen Gespr\u00e4ch! <a href=\"http:\/\/gastro-othmer.de\/kontakt\/\">Kontaktieren Sie uns hier<\/a>. Ihre gastroentrologische Praxis in Hannover, Dr. med. Anette Othmer.<\/p>\n","protected":false},"excerpt":{"rendered":"<p>Magenspiegelung in Hannover In unserer Praxis in Hannover kann eine Magenspiegelung durchgef\u00fchrt werden. Wenn Sie einen Termin vereinbaren wollen oder Fragen haben, kontaktieren Sie uns. Wir freuen uns auf ihre Mail oder ihren Anruf! Eine Magenspiegelung (Medizinisch: Gastroskopie) dient dazu, die Speiser\u00f6hre, den Magen und den oberen Teil des Zw\u00f6lffingerdarms von innen zu betrachten. Dazu [&hellip;]<\/p>\n","protected":false},"author":4,"featured_media":0,"parent":0,"menu_order":0,"comment_status":"closed","ping_status":"closed","template":"","meta":{"footnotes":""},"class_list":["post-146","page","type-page","status-publish","hentry"],"_links":{"self":[{"href":"https:\/\/gastro-othmer.de\/wordpress\/wp-json\/wp\/v2\/pages\/146","targetHints":{"allow":["GET"]}}],"collection":[{"href":"https:\/\/gastro-othmer.de\/wordpress\/wp-json\/wp\/v2\/pages"}],"about":[{"href":"https:\/\/gastro-othmer.de\/wordpress\/wp-json\/wp\/v2\/types\/page"}],"author":[{"embeddable":true,"href":"https:\/\/gastro-othmer.de\/wordpress\/wp-json\/wp\/v2\/users\/4"}],"replies":[{"embeddable":true,"href":"https:\/\/gastro-othmer.de\/wordpress\/wp-json\/wp\/v2\/comments?post=146"}],"version-history":[{"count":11,"href":"https:\/\/gastro-othmer.de\/wordpress\/wp-json\/wp\/v2\/pages\/146\/revisions"}],"predecessor-version":[{"id":187,"href":"https:\/\/gastro-othmer.de\/wordpress\/wp-json\/wp\/v2\/pages\/146\/revisions\/187"}],"wp:attachment":[{"href":"https:\/\/gastro-othmer.de\/wordpress\/wp-json\/wp\/v2\/media?parent=146"}],"curies":[{"name":"wp","href":"https:\/\/api.w.org\/{rel}","templated":true}]}}