{"id":12,"date":"2015-10-21T06:48:18","date_gmt":"2015-10-21T06:48:18","guid":{"rendered":"http:\/\/gastro-othmer.de\/wordpress\/?page_id=12"},"modified":"2025-12-03T11:19:50","modified_gmt":"2025-12-03T11:19:50","slug":"leistungen","status":"publish","type":"page","link":"https:\/\/gastro-othmer.de\/wordpress\/leistungen\/","title":{"rendered":"Leistungen"},"content":{"rendered":"<p><span class=\"standard\"><span class=\"standardgrossfett\">Unsere Leistungen im \u00dcberblick:<br \/>\n<\/span><\/span><\/p>\n<p><b>Sonographie: <\/b><\/p>\n<p>Die Ultraschalluntersuchung ist eine einfache, schnelle Methode, um Erkrankungen zu diagnostizieren. Sie ist wenig invasiv und zeichnet sich durch fehlende Strahlenbelastung aus.<b><br \/>\n<\/b><\/p>\n<p>Wir bieten an:<\/p>\n<ul>\n<li>Ultraschalluntersuchung des Abdomen (Bauches)<\/li>\n<li>Ultraschalluntersuchung der Beinvenen und Arterien<\/li>\n<li>Ultraschalluntersuchung der Halsschlagadern<\/li>\n<li>Schilddr\u00fcsensonographie<\/li>\n<\/ul>\n<p><b>Gastroskopie (Magenspiegelung): <\/b><\/p>\n<p>Die Magenspiegelung wird durchgef\u00fchrt, um Erkrankungen der Speiser\u00f6hre, des Magens und des oberen D\u00fcnndarms zu diagnostizieren. Der Patient wird in einem Aufkl\u00e4rungsgespr\u00e4ch \u00fcber den genauen Ablauf der Untersuchung und deren Risiken informiert.<\/p>\n<p>Der Patient sollte am Vorabend das letzte Essen zu sich genommen haben. Am Tag der Untersuchung mu\u00df der Patient n\u00fcchtern sein. Zur Untersuchung kann der Rachen mit einem lokalen Mittel bet\u00e4ubt werden oder der Patient erh\u00e4lt bei Wunsch eine &#8222;Schlafspritze&#8220;(Sedierung).\u00a0Die Untersuchung dauert ca. 5 Minuten. Bei auff\u00e4lligen Befunden werden mit einer sterilen Biopsiezange Proben entnommen, die im Anschluss histologisch untersucht werden. Im Anschlu\u00df an die Untersuchug erfolgt ein ausf\u00fchrliches Gespr\u00e4ch \u00fcber das Untersuchungsergebnis.<b><br \/>\n<\/b><\/p>\n<p><b>Coloskopie (Darmspiegelung) incl. Vorsorgecoloskopie:<\/b><\/p>\n<p>Ziel dieser Untersuchung ist es, Erkrankungen im Enddarm, im Dickdarm und dem \u00dcbergang Dickdarm\/D\u00fcnndarm zu erkennen und ggf. auch direkt therapeutisch t\u00e4tig zu werden (z.B. Polypenentfernung). Es erfolgt zuvor ein Aufkl\u00e4rungsgespr\u00e4ch, bei dem Sie \u00fcber den Ablauf der Untersuchung informiert werden. Hier werden auch Risikofaktoren ihrerseits, Medikamenteneinnahmen und Komplikationsm\u00f6glichkeiten ausf\u00fchrlich besprochen.<\/p>\n<p>F\u00fcr die Untersuchung ist eine gute Darmreinigung von gro\u00dfer Bedeutung. Die Abf\u00fchrma\u00dfnahmen beginnen am Sp\u00e4tnachmittag des Vortages. Sie erhalten von uns das notwendige Abf\u00fchrmittel sowie einen detaillierten Plan, wie sie sich verhalten sollen.<\/p>\n<p>Die Untersuchung dauert ca. 15 bis 25 Minuten. Das Endoskop wird bis zum \u00dcbergang Dickdarm\/D\u00fcnndarm vorgeschoben. Dabei wir gleichzeitig Luft in den Darm eingef\u00fchrt, dies kann\u00a0 ein unangenehmen Druckgef\u00fchl im Bauch verursachen.Wahlweise kann die Untersuchung auch mit CO2 Insufflation (CO2 baut sich im Darm 150-mal schneller ab als Raumfuft) und in Kurznarkose durchgef\u00fchrt werden.<\/p>\n<p>Bei auff\u00e4lligen Befunden k\u00f6nnen mit einer sterilen Biopsiezange Gewebeproben entnommen\u00a0 oder Polypen (Neubildungen der Darmschleimhaut) mit Zange oder Schlinge abgetragen werden.<\/p>\n<p>Aspirinhaltige Medikamente oder blutgerinnungsbeeintr\u00e4chtigende Med. (z.B. Plavix, Clopidogrel) sollten ca. 5 Tage vor der Untersuchung abgesetzt werden, um eine Biopsieentnahme zu erm\u00f6glichen. Cumarinpr\u00e4parate wie z.B. Marcumar m\u00fcssen in der Regel bereits 7 Tage vor der Untersuchung abgesetzt werden.<\/p>\n<p>Nach der Untersuchung wird der Patient noch einige Zeit in der Praxis \u00fcberwacht, die Entlassung und Befundbesprechung erfolgt durch den behandelnden Arzt. Die Teilnahme am \u00f6ffentlichen Verkehr mittels Auto oder Fahrrad ist nicht erlaubt. Sie k\u00f6nnen jedoch mit \u00f6ffentlichen Verkehrsmitteln nach Hause fahren oder sich abholen lassen.<\/p>\n<p><b>Spezialsprechstunde f\u00fcr Patienten mit chronisch entz\u00fcndlicher Darmerkrankung<\/b><\/p>\n<ul>\n<li>wir bieten eine Spezialsprechstunde f\u00fcr Morbus Crohn- oder Colitis ulcerosa Patienten an, um das Optimum an Diagnostik und Therapie zu erarbeiten<\/li>\n<li>Biologika-Therapie mit Infusionsplatz<\/li>\n<\/ul>\n<p><b>Proktoskopie (Spiegelung des Enddarms):<\/b><\/p>\n<p>Hier werden Erkrankungen des Enddarm, des Mastdarms und des Analkanals erfa\u00dft. Hierzu z\u00e4hlen H\u00e4morrhoidenleiden, Analvenenthrombosen und Analfissuren.<\/p>\n<p>Folgende Behandlungsverfahren bieten wir an:<\/p>\n<ul>\n<li>bei H\u00e4morrhoidalleiden: Therapie der Sklerosierung (Ver\u00f6dung) und der Ligatur (Abbinden)<\/li>\n<li>Spalten von Analvenenthrombosen<\/li>\n<li>Therapie von Analfissuren, Behandlung von Analekzemen und Juckreiz<\/li>\n<li>Diagnostik und Therapie bei entz\u00fcndlichen Darmerkrankungen des Enddarmes<\/li>\n<\/ul>\n<p><b>EKG<\/b><\/p>\n<ul>\n<li>in der Akutsituation oder im Rahmen des check up, \u00dcbertragung direkt auf den PC<\/li>\n<\/ul>\n<p><b>Lactose- und Fructoseatemtests:<\/b><\/p>\n<ul>\n<li>zur Diagnostik bei Verdacht auf Lactose- oder Fructoseintoleranz<\/li>\n<\/ul>\n<p><b>24-h-Blutdruckmessung<\/b><\/p>\n<ul>\n<li>Ermittlung des Blutdrucks \u00fcber einen Zeitraum von 24 Stunden zur Beurteilung von Blutdruckschwankungen und des n\u00e4chtlichen Blutdrucks<\/li>\n<\/ul>\n<p><b>Lungenfunktionstestung<\/b><\/p>\n<ul>\n<li>sowohl im Rahmen akuter Infekte als auch bei chronischen Lungenerkrankungen<\/li>\n<\/ul>\n<p><b>Gesundheits-Check-up<\/b><\/p>\n<ul>\n<li>beinhaltet k\u00f6rperliche Untersuchung, Laborentnahme, Abdomensonographie, Schilddr\u00fcsensonographie, Urin- Untersuchung, Lungenfunktion und EKG<\/li>\n<\/ul>\n<p><b>Reiseberatungen<\/b><\/p>\n<ul>\n<li>Informationen \u00fcber die notwendigen Impfungen individuell auf die entsprechende Reise abgestimmt<\/li>\n<\/ul>\n","protected":false},"excerpt":{"rendered":"<p>Unsere Leistungen im \u00dcberblick: Sonographie: Die Ultraschalluntersuchung ist eine einfache, schnelle Methode, um Erkrankungen zu diagnostizieren. Sie ist wenig invasiv und zeichnet sich durch fehlende Strahlenbelastung aus. Wir bieten an: Ultraschalluntersuchung des Abdomen (Bauches) Ultraschalluntersuchung der Beinvenen und Arterien Ultraschalluntersuchung der Halsschlagadern Schilddr\u00fcsensonographie Gastroskopie (Magenspiegelung): Die Magenspiegelung wird durchgef\u00fchrt, um Erkrankungen der Speiser\u00f6hre, des Magens [&hellip;]<\/p>\n","protected":false},"author":2,"featured_media":0,"parent":0,"menu_order":0,"comment_status":"closed","ping_status":"closed","template":"","meta":{"footnotes":""},"class_list":["post-12","page","type-page","status-publish","hentry"],"_links":{"self":[{"href":"https:\/\/gastro-othmer.de\/wordpress\/wp-json\/wp\/v2\/pages\/12","targetHints":{"allow":["GET"]}}],"collection":[{"href":"https:\/\/gastro-othmer.de\/wordpress\/wp-json\/wp\/v2\/pages"}],"about":[{"href":"https:\/\/gastro-othmer.de\/wordpress\/wp-json\/wp\/v2\/types\/page"}],"author":[{"embeddable":true,"href":"https:\/\/gastro-othmer.de\/wordpress\/wp-json\/wp\/v2\/users\/2"}],"replies":[{"embeddable":true,"href":"https:\/\/gastro-othmer.de\/wordpress\/wp-json\/wp\/v2\/comments?post=12"}],"version-history":[{"count":12,"href":"https:\/\/gastro-othmer.de\/wordpress\/wp-json\/wp\/v2\/pages\/12\/revisions"}],"predecessor-version":[{"id":325,"href":"https:\/\/gastro-othmer.de\/wordpress\/wp-json\/wp\/v2\/pages\/12\/revisions\/325"}],"wp:attachment":[{"href":"https:\/\/gastro-othmer.de\/wordpress\/wp-json\/wp\/v2\/media?parent=12"}],"curies":[{"name":"wp","href":"https:\/\/api.w.org\/{rel}","templated":true}]}}